{"id":36,"date":"2021-08-04T17:25:35","date_gmt":"2021-08-04T17:25:35","guid":{"rendered":"https:\/\/erinnerung.woc.earth\/?page_id=36"},"modified":"2022-07-24T08:46:27","modified_gmt":"2022-07-24T08:46:27","slug":"themen","status":"publish","type":"page","link":"https:\/\/die-erinnerung.ch\/index.php\/themen\/","title":{"rendered":"Themen"},"content":{"rendered":"\t\t<div data-elementor-type=\"wp-page\" data-elementor-id=\"36\" class=\"elementor elementor-36\" data-elementor-settings=\"[]\">\n\t\t\t\t\t\t\t<div class=\"elementor-section-wrap\">\n\t\t\t\t\t\t\t<section class=\"elementor-section elementor-top-section elementor-element elementor-element-bab3529 elementor-section-full_width elementor-section-height-min-height elementor-section-stretched elementor-section-height-default elementor-section-items-middle\" data-id=\"bab3529\" data-element_type=\"section\" data-settings=\"{&quot;stretch_section&quot;:&quot;section-stretched&quot;,&quot;background_background&quot;:&quot;classic&quot;}\">\n\t\t\t\t\t\t<div class=\"elementor-container elementor-column-gap-default\">\n\t\t\t\t\t<div class=\"elementor-column elementor-col-100 elementor-top-column elementor-element elementor-element-2201f36\" data-id=\"2201f36\" data-element_type=\"column\">\n\t\t\t<div class=\"elementor-widget-wrap\">\n\t\t\t\t\t\t\t\t\t<\/div>\n\t\t<\/div>\n\t\t\t\t\t\t\t<\/div>\n\t\t<\/section>\n\t\t\t\t<section class=\"elementor-section elementor-top-section elementor-element elementor-element-3aa58e65 elementor-section-boxed elementor-section-height-default elementor-section-height-default\" data-id=\"3aa58e65\" data-element_type=\"section\" data-settings=\"{&quot;background_background&quot;:&quot;classic&quot;}\">\n\t\t\t\t\t\t<div class=\"elementor-container elementor-column-gap-default\">\n\t\t\t\t\t<div class=\"elementor-column elementor-col-100 elementor-top-column elementor-element elementor-element-6e8c3c29\" data-id=\"6e8c3c29\" data-element_type=\"column\">\n\t\t\t<div class=\"elementor-widget-wrap elementor-element-populated\">\n\t\t\t\t\t\t\t\t<div class=\"elementor-element elementor-element-c1c7637 elementor-widget elementor-widget-heading\" data-id=\"c1c7637\" data-element_type=\"widget\" data-widget_type=\"heading.default\">\n\t\t\t\t<div class=\"elementor-widget-container\">\n\t\t\t<h2 class=\"elementor-heading-title elementor-size-default\">Themen<\/h2>\t\t<\/div>\n\t\t\t\t<\/div>\n\t\t\t\t<div class=\"elementor-element elementor-element-5b26e20 elementor-widget elementor-widget-text-editor\" data-id=\"5b26e20\" data-element_type=\"widget\" data-widget_type=\"text-editor.default\">\n\t\t\t\t<div class=\"elementor-widget-container\">\n\t\t\t\t\t\t\t\t<!-- wp:paragraph -->\n<h3 class=\"style_h3\">Erinnerung deiner wahren Natur \u00fcber deine physische Pr\u00e4senz<\/h3>\n<p>Ich f\u00fchre dich in die Wahrnehmung deiner physischen Pr\u00e4senz. Dies ist eine Schleuse zu deinem reinen, ewigen Seins-Zustand. Aus dieser Bewusstheit deiner wahren Natur, die ich dir in Sitzungen spiegle bzw. energetisch anbiete, k\u00f6nnen folgende Wandlungen geschehen:<\/p>\n<!-- \/wp:paragraph -->\t\t\t\t\t\t<\/div>\n\t\t\t\t<\/div>\n\t\t\t\t<div class=\"elementor-element elementor-element-506ba329 elementor-widget elementor-widget-text-editor\" data-id=\"506ba329\" data-element_type=\"widget\" data-widget_type=\"text-editor.default\">\n\t\t\t\t<div class=\"elementor-widget-container\">\n\t\t\t\t\t\t\t\t<!-- wp:paragraph -->\n<p><span class=\"textcolor-primaryColor\" style=\"color: #5d0b4d;\"><u>Erh\u00f6hte Kraft, Inspiration und Lebensfreude<\/u><\/span> fliessen in dein Bewusstsein und somit in deinen K\u00f6rper und dein Leben ein. Es kann zu einer v\u00f6llig neuen Wahrnehmung deiner Selbst und somit deines Umfelds kommen. Es kann auch sein, dass du pl\u00f6tzlich weniger Schlaf brauchst.<\/p>\n<p><span class=\"textcolor-primaryColor\" style=\"color: #5d0b4d;\"><u>Transformation des Schmerzk\u00f6rpers<\/u><\/span> \u2013 Dramen und Schmerzspiele l\u00f6sen sich auf allen Ebenen auf. Immer wiederkehrende Leidensmuster k\u00f6nnen beleuchtet, integriert und als neutrale Kraft genutzt werden. Immer mehr Leichtigkeit und innerer Frieden stellen sich ein, der absolut unabh\u00e4ngig von der \u00e4usseren Situation oder von anderen Personen ist. Es gibt keinen Widerstand mehr gegen irgendetwas. Die Spielangebote des Schmerzk\u00f6rpers werden ganz bewusst nicht mehr bedient.<br \/><span class=\"textcolor-primaryColor\"><span style=\"color: #6b643f;\"><br \/><\/span><span style=\"color: #5d0b4d;\"><u>Die \u00abLeid-Spiele\u00bb der Welt<\/u><\/span><\/span> werden als solche durchschaut und du als Mitspieler mit deinen Frequenzen, der die Angebote angenommen oder ausgesendet hat (Resonanzprinzip). Was dich im \u00abAussen\u00bb ber\u00fchrt, ist irgendwo in dir und kann nur dort in Bewusstheit durchleuchtet und gewandelt werden. Mit Selbsterforschung suchen wir die Mechanismen deiner pers\u00f6nlichen Struktur auf, die sich in dir abspielen. Um sie dann bewusst zu machen, zu erkennen und aufzul\u00f6sen, wenn sie beleuchtet werden k\u00f6nnen.<br \/><span class=\"textcolor-primaryColor\"><span style=\"color: #6b643f;\"><br \/><\/span><span style=\"color: #5d0b4d;\"><u>Der \u00abAbsolute Wert\u00bb<\/u><\/span><\/span> deiner Selbst wird erinnert, im Alltag immer wieder aufgesucht, verankert und in Bewegung gebracht. So kann deine wahre Natur lebendig sein und ist v\u00f6llig frei vom \u00e4usserlich aufgesetzten Bewertungssystem, das heutzutage fast jeden Menschen unbewusst steuert und in Gef\u00fchlen der Wertlosigkeit und Schuld festh\u00e4lt. Der Absolute Wert ist unabh\u00e4ngig von Anstrengung und Leistung. Er ist einfach da. Und kann jederzeit erinnert werden.<br \/><span class=\"textcolor-primaryColor\"><span style=\"color: #6b643f;\"><br \/><\/span><span style=\"color: #5d0b4d;\"><u>Heilung<\/u><\/span><\/span> wird \u00fcber deinen nat\u00fcrlichen gesunden Zustand, auch \u00abBlaupause\u00bb genannt, erinnert und aktiviert. Du hast den perfekten Bauplan deines K\u00f6rpers immer unantastbar in dir und kannst ihn aus deiner Sch\u00f6pferebene wieder holen und materialisieren. Dies kann aber nur passieren, wenn alle Faktoren deines Lebens zusammen stimmen und du dies wirklich annehmen kannst. In manchen F\u00e4llen wird dies auch Gnade oder Wunder genannt. Ist aber Grunds\u00e4tzlich eine nat\u00fcrliche F\u00e4higkeit wenn wir unsere Sch\u00f6pfermacht angenommen haben.<br \/><span class=\"textcolor-primaryColor\"><span style=\"color: #6b643f;\"><br \/><\/span><span style=\"color: #5d0b4d;\"><u>Deine Eigenst\u00e4ndigkeit aus dem Sein<\/u><\/span><\/span> wird geweckt und du handelst immer freier aus deinem Herzen heraus. Du lernst zu dir zu stehen, einfach weil es sich richtig anf\u00fchlt. Egal was jemand anders dar\u00fcber denkt oder von dir erwartet. So entsteht immer mehr Freiheit und Spontanit\u00e4t in dir. Auch Konzepte und Angebote im Aussen werden immer mehr in Frage gestellt. Du beginnst dich immer mehr auf dich Selbst einzustimmen und deiner Wahrheit zu folgen.<br \/><span class=\"textcolor-primaryColor\"><span style=\"color: #6b643f;\"><br \/><\/span><span style=\"color: #5d0b4d;\"><u>Lachanf\u00e4lle<\/u><\/span><\/span> k\u00f6nnen eine sehr sch\u00f6ne Nebenwirkung sein in der Zuwendung zu deiner wahren Natur! Und wenn du wirklich einmal f\u00fchlst, wie das ist, pure Freude und Liebe zu sein, entsteht ein grosses Sehnen, dich immer mehr auf deine Wahrheit einzulassen. Alles andere wegzulassen. Und somit kannst du immer mehr zu dem finden, was du schon immer gesucht hast: Dich Selbst!<br \/><span class=\"textcolor-primaryColor\"><span style=\"color: #6b643f;\"><br \/><\/span><span style=\"color: #5d0b4d;\"><u>Innere Stille und Frieden<\/u><\/span><\/span> f\u00fcr sich finden ist heutzutage eine schwierige Angelegenheit geworden. Oftmals sind die Menschen so sehr in ein Leistungs- und Zeitdruck Prinzip verwickelt, dass sie sich kaum noch sp\u00fcren und wie fremdgesteuert durch den Tag rennen, um \u00e4usseren Anspr\u00fcchen gerecht zu werden, die gar nicht ihrer Freude und Authentizit\u00e4t entsprechen. Und auch oft dreht sich der Verstand im Kreis, h\u00e4lt Opferbewusstsein und Frust aufrecht und l\u00e4sst keine fruchtbaren L\u00f6sungen zu. Auch hier gilt es, sich Platz einzur\u00e4umen, sich seiner wahren Natur zu widmen. Um aus der Stille heraus Kraft zu sch\u00f6pfen und neue, weise Entscheidungen zu treffen.<br \/><span class=\"textcolor-primaryColor\"><span style=\"color: #6b643f;\"><br \/><\/span><span style=\"color: #5d0b4d;\"><u>Ein offenes Ohr und Herz.<\/u><\/span><\/span> M\u00f6chtest du einfach mal Jemanden der dir zuh\u00f6rt und dich wertfrei betrachtet? Gerne bin ich f\u00fcr dich da in meiner Pr\u00e4senz, ohne ein bestimmtes Thema anzusprechen und h\u00f6re dir nur zu mit offenem Herzen. Dies alleine, kann vieles in dir l\u00f6sen oder bewusst machen.<br \/><span class=\"textcolor-primaryColor\"><span style=\"color: #6b643f;\"><br \/><\/span><span style=\"color: #5d0b4d;\"><u>Hochsensitivit\u00e4t, Depressionen und Ersch\u00f6pfungszust\u00e4nde<\/u><\/span><\/span> sind Ph\u00e4nomene in der heutigen Zeit, die ganz oft aus einseitiger Betrachtung \u00abbehandelt\u00bb und meist als Krankheit gesehen werden. Das Potenzial oder die Begabung die dahinter steckt, erkennt selten jemand. Gerne spreche ich mit dir dar\u00fcber aus eigener Erfahrung und f\u00f6rdere deinen Wandel in die neue Zeit. Und auch wenn dieser Prozess nicht immer sehr rosig ist, und manch unangenehme Gef\u00fchle gef\u00fchlt werden wollen, so ermuntere und begleite ich dich voller Zuversicht dabei zu bleiben und das Geschenk dahinter zu empfangen. Als Vergleich erw\u00e4hne ich hier gerne den Prozess von der Raupe zum Schmetterling.<br \/><span class=\"textcolor-primaryColor\"><u><br \/><span style=\"color: #5d0b4d;\">Raum f\u00fcr Wunder<\/span><\/u><\/span> und ganz neue Erfahrungen. Ich bin offen und Bereit f\u00fcr jegliche Ausdrucksformen die aus der wahren Natur entspringen. Aus meiner Sicht ist alles m\u00f6glich. Um dich zu inspirieren habe ich so manche Geschichten von Menschen bereit, die aus ihrer Sch\u00f6pferkraft und Macht leben und habe bereits auch Selbst einige Dinge gesehen und erlebt, die einen kleinkarierten Verstand so ganz sch\u00f6n auf den Kopf stellen k\u00f6nnen. Und ich freue mich nat\u00fcrlich und bin gespannt \u00fcber die neuen Erfahrungen die du selbst machen kannst!<\/p>\n<!-- \/wp:paragraph -->\t\t\t\t\t\t<\/div>\n\t\t\t\t<\/div>\n\t\t\t\t<div class=\"elementor-element elementor-element-e3a1631 elementor-widget elementor-widget-text-editor\" data-id=\"e3a1631\" data-element_type=\"widget\" data-widget_type=\"text-editor.default\">\n\t\t\t\t<div class=\"elementor-widget-container\">\n\t\t\t\t\t\t\t\t<!-- wp:paragraph -->\n<h3 class=\"style_h3\">Der Apfel f\u00e4llt vom Baum wenn er reif ist.<\/h3>\n<p>Ich gebe weder ein Heilversprechen noch kann ich etwas tun, was nicht aus dir Selbst heraus ansteht, dass es geschehen soll. Die Sehnsucht nach dir Selbst ist in dir selbst. Und jeder hat seine eigene Zeit. Ich bin hier um dich zu erinnern, zu inspirieren und um dich zu lehren, wie du den Zugang zu deiner unersch\u00f6pflichen Quelle immer besser und irgendwann jederzeit selbst finden kannst.<\/p>\n<!-- \/wp:paragraph -->\t\t\t\t\t\t<\/div>\n\t\t\t\t<\/div>\n\t\t\t\t<div class=\"elementor-element elementor-element-4db9dcb elementor-align-center elementor-widget elementor-widget-button\" data-id=\"4db9dcb\" data-element_type=\"widget\" data-widget_type=\"button.default\">\n\t\t\t\t<div class=\"elementor-widget-container\">\n\t\t\t\t\t<div class=\"elementor-button-wrapper\">\n\t\t\t<a href=\"mailto:deniz@die-erinnerung.ch\" class=\"elementor-button-link elementor-button elementor-size-sm\" role=\"button\">\n\t\t\t\t\t\t<span class=\"elementor-button-content-wrapper\">\n\t\t\t\t\t\t<span class=\"elementor-button-text\">E-Mail senden<\/span>\n\t\t<\/span>\n\t\t\t\t\t<\/a>\n\t\t<\/div>\n\t\t\t\t<\/div>\n\t\t\t\t<\/div>\n\t\t\t\t<div class=\"elementor-element elementor-element-8fc3c19 elementor-widget elementor-widget-spacer\" data-id=\"8fc3c19\" data-element_type=\"widget\" data-widget_type=\"spacer.default\">\n\t\t\t\t<div class=\"elementor-widget-container\">\n\t\t\t\t\t<div class=\"elementor-spacer\">\n\t\t\t<div class=\"elementor-spacer-inner\"><\/div>\n\t\t<\/div>\n\t\t\t\t<\/div>\n\t\t\t\t<\/div>\n\t\t\t\t\t<\/div>\n\t\t<\/div>\n\t\t\t\t\t\t\t<\/div>\n\t\t<\/section>\n\t\t\t\t\t\t<\/div>\n\t\t\t\t\t<\/div>\n\t\t","protected":false},"excerpt":{"rendered":"<p>Themen Erinnerung deiner wahren Natur \u00fcber deine physische Pr\u00e4senz Ich f\u00fchre dich in die Wahrnehmung deiner physischen Pr\u00e4senz. Dies ist eine Schleuse zu deinem reinen, ewigen Seins-Zustand. Aus dieser Bewusstheit deiner wahren Natur, die ich dir in Sitzungen spiegle bzw. energetisch anbiete, k\u00f6nnen folgende Wandlungen geschehen: Erh\u00f6hte Kraft, Inspiration und Lebensfreude fliessen in dein Bewusstsein [&hellip;]<\/p>\n","protected":false},"author":1,"featured_media":0,"parent":0,"menu_order":0,"comment_status":"closed","ping_status":"open","template":"elementor_header_footer","meta":{"footnotes":""},"class_list":["post-36","page","type-page","status-publish","hentry"],"_links":{"self":[{"href":"https:\/\/die-erinnerung.ch\/index.php\/wp-json\/wp\/v2\/pages\/36","targetHints":{"allow":["GET"]}}],"collection":[{"href":"https:\/\/die-erinnerung.ch\/index.php\/wp-json\/wp\/v2\/pages"}],"about":[{"href":"https:\/\/die-erinnerung.ch\/index.php\/wp-json\/wp\/v2\/types\/page"}],"author":[{"embeddable":true,"href":"https:\/\/die-erinnerung.ch\/index.php\/wp-json\/wp\/v2\/users\/1"}],"replies":[{"embeddable":true,"href":"https:\/\/die-erinnerung.ch\/index.php\/wp-json\/wp\/v2\/comments?post=36"}],"version-history":[{"count":16,"href":"https:\/\/die-erinnerung.ch\/index.php\/wp-json\/wp\/v2\/pages\/36\/revisions"}],"predecessor-version":[{"id":216,"href":"https:\/\/die-erinnerung.ch\/index.php\/wp-json\/wp\/v2\/pages\/36\/revisions\/216"}],"wp:attachment":[{"href":"https:\/\/die-erinnerung.ch\/index.php\/wp-json\/wp\/v2\/media?parent=36"}],"curies":[{"name":"wp","href":"https:\/\/api.w.org\/{rel}","templated":true}]}}